{"id":21,"date":"2021-04-29T22:13:32","date_gmt":"2021-04-29T22:13:32","guid":{"rendered":"http:\/\/dragontrophy.pt\/site\/?page_id=21"},"modified":"2021-04-29T22:39:49","modified_gmt":"2021-04-29T22:39:49","slug":"sobre","status":"publish","type":"page","link":"https:\/\/dragontrophy.pt\/site\/sobre\/","title":{"rendered":"Sobre"},"content":{"rendered":"\n<p>\u00a0Dragontrophy Unipessoal Lda \u00e9 uma empresa no mercado t\u00eaxtil essencialmente direcionada para o vestu\u00e1rio de imagem e de trabalho, apoiada pelo conhecimento t\u00e9cnico do grupo de trabalho conjunto.<\/p>\n\n\n\n<p>Fabricamos vestu\u00e1rio de trabalho e imagem para utiliza\u00e7\u00e3o na \u00e1rea das for\u00e7as de seguran\u00e7a e preven\u00e7\u00e3o, hotelaria, hospitalar e Equipamentos de Prote\u00e7\u00e3o Individual (EPI).Com os mais diferentes tecidos t\u00e9cnicos, desde o antifogo, anti est\u00e1tico, anti bacteriano, anti impacto, perfura\u00e7\u00e3o, imperme\u00e1vel e respir\u00e1vel, concebemos mediante cada profiss\u00e3o um artigo distinto.<\/p>\n\n\n\n<p>Nesta \u00e1rea espec\u00edfica, apresentamos o Fato de Prote\u00e7\u00e3o Florestal, EPI de categoria lll EN15614 :2007-A1 A2 Certificado pelo CITEVE (Centro Tecnol\u00f3gico da Ind\u00fastria T\u00eaxtil).Esta empresa forneceu os fatos florestais no \u00e2mbito do concurso p\u00fablico da ANPC de 2015<\/p>\n","protected":false},"excerpt":{"rendered":"<p>\u00a0Dragontrophy Unipessoal Lda \u00e9 uma empresa no mercado t\u00eaxtil essencialmente direcionada para o vestu\u00e1rio de imagem e de trabalho, apoiada pelo conhecimento t\u00e9cnico do grupo de trabalho conjunto. Fabricamos vestu\u00e1rio de trabalho e imagem para utiliza\u00e7\u00e3o na \u00e1rea das for\u00e7as de seguran\u00e7a e preven\u00e7\u00e3o, hotelaria, hospitalar e Equipamentos de Prote\u00e7\u00e3o Individual (EPI).Com os mais diferentes &hellip; <\/p>\n<p class=\"link-more\"><a href=\"https:\/\/dragontrophy.pt\/site\/sobre\/\" class=\"more-link\">Continuar a ler <span class=\"screen-reader-text\">&#8220;Sobre&#8221;<\/span><\/a><\/p>\n","protected":false},"author":1,"featured_media":0,"parent":0,"menu_order":0,"comment_status":"closed","ping_status":"closed","template":"","meta":{"footnotes":""},"class_list":["post-21","page","type-page","status-publish","hentry"],"_links":{"self":[{"href":"https:\/\/dragontrophy.pt\/site\/wp-json\/wp\/v2\/pages\/21","targetHints":{"allow":["GET"]}}],"collection":[{"href":"https:\/\/dragontrophy.pt\/site\/wp-json\/wp\/v2\/pages"}],"about":[{"href":"https:\/\/dragontrophy.pt\/site\/wp-json\/wp\/v2\/types\/page"}],"author":[{"embeddable":true,"href":"https:\/\/dragontrophy.pt\/site\/wp-json\/wp\/v2\/users\/1"}],"replies":[{"embeddable":true,"href":"https:\/\/dragontrophy.pt\/site\/wp-json\/wp\/v2\/comments?post=21"}],"version-history":[{"count":3,"href":"https:\/\/dragontrophy.pt\/site\/wp-json\/wp\/v2\/pages\/21\/revisions"}],"predecessor-version":[{"id":55,"href":"https:\/\/dragontrophy.pt\/site\/wp-json\/wp\/v2\/pages\/21\/revisions\/55"}],"wp:attachment":[{"href":"https:\/\/dragontrophy.pt\/site\/wp-json\/wp\/v2\/media?parent=21"}],"curies":[{"name":"wp","href":"https:\/\/api.w.org\/{rel}","templated":true}]}}